{"id":68,"date":"2023-06-01T14:42:22","date_gmt":"2023-06-01T12:42:22","guid":{"rendered":"https:\/\/coreed.ch\/?page_id=68"},"modified":"2023-07-07T14:42:05","modified_gmt":"2023-07-07T12:42:05","slug":"freundeskreis","status":"publish","type":"page","link":"https:\/\/coreed.ch\/index.php\/freundeskreis\/","title":{"rendered":"Freundeskreis"},"content":{"rendered":"\n<p class=\"has-text-align-center\">Der Treue einer wachsenden Zahl von Spenderinnen und Spendern ist es zu verdanken, dass die Arbeit von COREED kontinuierlich aufgebaut werden konnte. Der Spenderkreis setzt sich zusammen aus Einzelpersonen sowie aus evang.-reformierten, baptistischen und katholischen Kirchgemeinden, welche COREED teils \u00fcber Jahre mit fest budgetierten Beitr\u00e4gen, teils mit gelegentlichen Kollekten unterst\u00fctzen.<\/p>\n\n\n\n<p class=\"has-text-align-center\">Es bleibt noch viel zu tun. Mit Ihrer&nbsp;<a href=\"http:\/\/coreed.ch\/index.php\/spenden\" data-type=\"URL\" data-id=\"http:\/\/coreed.ch\/index.php\/spenden\">Spende<\/a>&nbsp;k\u00f6nnen Sie dazu beitragen, dass benachteiligte Kinder, Frauen und M\u00e4nner in den abgelegenen D\u00f6rfern S\u00fcdindiens eine bessere Zukunft bekommen.<\/p>\n\n\n\n<p><a href=\"https:\/\/coreed.ch\/index.php\" data-type=\"URL\" data-id=\"https:\/\/coreed.ch\/index.php\"><strong>Zur\u00fcck<\/strong><\/a><\/p>\n","protected":false},"excerpt":{"rendered":"<p>Der Treue einer wachsenden Zahl von Spenderinnen und Spendern ist es zu verdanken, dass die Arbeit von COREED kontinuierlich aufgebaut werden konnte. Der Spenderkreis setzt sich zusammen aus Einzelpersonen sowie aus evang.-reformierten, baptistischen und katholischen Kirchgemeinden, welche COREED teils \u00fcber Jahre mit fest budgetierten Beitr\u00e4gen, teils mit gelegentlichen Kollekten unterst\u00fctzen. Es bleibt noch viel zu [&hellip;]<\/p>\n","protected":false},"author":1,"featured_media":0,"parent":0,"menu_order":0,"comment_status":"closed","ping_status":"closed","template":"","meta":{"footnotes":""},"class_list":["post-68","page","type-page","status-publish","hentry"],"_links":{"self":[{"href":"https:\/\/coreed.ch\/index.php\/wp-json\/wp\/v2\/pages\/68","targetHints":{"allow":["GET"]}}],"collection":[{"href":"https:\/\/coreed.ch\/index.php\/wp-json\/wp\/v2\/pages"}],"about":[{"href":"https:\/\/coreed.ch\/index.php\/wp-json\/wp\/v2\/types\/page"}],"author":[{"embeddable":true,"href":"https:\/\/coreed.ch\/index.php\/wp-json\/wp\/v2\/users\/1"}],"replies":[{"embeddable":true,"href":"https:\/\/coreed.ch\/index.php\/wp-json\/wp\/v2\/comments?post=68"}],"version-history":[{"count":0,"href":"https:\/\/coreed.ch\/index.php\/wp-json\/wp\/v2\/pages\/68\/revisions"}],"wp:attachment":[{"href":"https:\/\/coreed.ch\/index.php\/wp-json\/wp\/v2\/media?parent=68"}],"curies":[{"name":"wp","href":"https:\/\/api.w.org\/{rel}","templated":true}]}}