{"id":540,"date":"2023-06-10T06:58:42","date_gmt":"2023-06-10T04:58:42","guid":{"rendered":"https:\/\/coreed.ch\/?page_id=540"},"modified":"2025-09-12T17:44:37","modified_gmt":"2025-09-12T15:44:37","slug":"bankverbindung","status":"publish","type":"page","link":"https:\/\/coreed.ch\/index.php\/bankverbindung\/","title":{"rendered":"Bankverbindung"},"content":{"rendered":"\n<div class=\"wp-block-group is-nowrap is-layout-flex wp-container-core-group-is-layout-6c531013 wp-block-group-is-layout-flex\">\n<div class=\"wp-block-group has-global-padding is-layout-constrained wp-block-group-is-layout-constrained\">\n<div class=\"wp-block-group has-global-padding is-layout-constrained wp-block-group-is-layout-constrained\">\n<div class=\"wp-block-group is-vertical is-layout-flex wp-container-core-group-is-layout-fe9cc265 wp-block-group-is-layout-flex\">\n<div class=\"wp-block-group is-vertical is-content-justification-center is-layout-flex wp-container-core-group-is-layout-ce155fab wp-block-group-is-layout-flex\">\n<p class=\"..site-info {display: none !important:}\">EBM Schweizer Zweig, COREED, 8000 Z\u00fcrich<br>IBAN CH70 0900 0000 8921 8344 9<br><\/p>\n\n\n\n<figure class=\"wp-block-image size-full\"><img loading=\"lazy\" decoding=\"async\" width=\"100\" height=\"98\" src=\"https:\/\/coreed.ch\/wp-content\/uploads\/2023\/06\/QR-2.jpg\" alt=\"\" class=\"wp-image-512\"\/><\/figure>\n\n\n\n<div class=\"wp-block-group has-global-padding is-layout-constrained wp-block-group-is-layout-constrained\">\n<p class=\"has-text-align-center\"><br>Alle Eing\u00e4nge auf dieses Konto sind ausschliesslich f\u00fcr COREED bestimmt.<\/p>\n\n\n\n<p class=\"has-text-align-center has-text-color\" style=\"color:#f80404\"><strong>Spenden sind steuerabzugsberechtigt.<\/strong><\/p>\n\n\n\n<p class=\"has-text-align-center\"><br> Die Rechnung wird von der EBM Schweizerzweig gef\u00fchrt und ordnungsgem\u00e4ss gepr\u00fcft.<\/p>\n\n\n\n<p class=\"has-text-align-center\"><\/p>\n<\/div>\n<\/div>\n<\/div>\n<\/div>\n<\/div>\n<\/div>\n\n\n\n<p><a href=\"https:\/\/coreed.ch\/index.php\" data-type=\"URL\" data-id=\"https:\/\/coreed.ch\/index.php\"><strong>Zur\u00fcck<\/strong><\/a><\/p>\n\n\n\n<p><\/p>\n","protected":false},"excerpt":{"rendered":"<p>EBM Schweizer Zweig, COREED, 8000 Z\u00fcrichIBAN CH70 0900 0000 8921 8344 9 Alle Eing\u00e4nge auf dieses Konto sind ausschliesslich f\u00fcr COREED bestimmt. Spenden sind steuerabzugsberechtigt. Die Rechnung wird von der EBM Schweizerzweig gef\u00fchrt und ordnungsgem\u00e4ss gepr\u00fcft. Zur\u00fcck<\/p>\n","protected":false},"author":1,"featured_media":0,"parent":0,"menu_order":0,"comment_status":"closed","ping_status":"closed","template":"","meta":{"footnotes":""},"class_list":["post-540","page","type-page","status-publish","hentry"],"_links":{"self":[{"href":"https:\/\/coreed.ch\/index.php\/wp-json\/wp\/v2\/pages\/540","targetHints":{"allow":["GET"]}}],"collection":[{"href":"https:\/\/coreed.ch\/index.php\/wp-json\/wp\/v2\/pages"}],"about":[{"href":"https:\/\/coreed.ch\/index.php\/wp-json\/wp\/v2\/types\/page"}],"author":[{"embeddable":true,"href":"https:\/\/coreed.ch\/index.php\/wp-json\/wp\/v2\/users\/1"}],"replies":[{"embeddable":true,"href":"https:\/\/coreed.ch\/index.php\/wp-json\/wp\/v2\/comments?post=540"}],"version-history":[{"count":8,"href":"https:\/\/coreed.ch\/index.php\/wp-json\/wp\/v2\/pages\/540\/revisions"}],"predecessor-version":[{"id":1611,"href":"https:\/\/coreed.ch\/index.php\/wp-json\/wp\/v2\/pages\/540\/revisions\/1611"}],"wp:attachment":[{"href":"https:\/\/coreed.ch\/index.php\/wp-json\/wp\/v2\/media?parent=540"}],"curies":[{"name":"wp","href":"https:\/\/api.w.org\/{rel}","templated":true}]}}