{"id":510,"date":"2023-06-09T23:58:51","date_gmt":"2023-06-09T21:58:51","guid":{"rendered":"https:\/\/coreed.ch\/?page_id=510"},"modified":"2025-09-12T17:37:49","modified_gmt":"2025-09-12T15:37:49","slug":"spenden","status":"publish","type":"page","link":"https:\/\/coreed.ch\/index.php\/spenden\/","title":{"rendered":"Spenden"},"content":{"rendered":"\n<p class=\"has-text-align-center has-secondary-color has-text-color\">Freiwilligenarbeit ist die grosse St\u00e4rke von COREED, in Indien wie in der Schweiz. Die Mitglieder der Projektkommission COREED Schweiz arbeiten gratis. Deshalb fallen in der Schweiz fast keine Spesen an,<\/p>\n\n\n\n<p class=\"has-text-align-center has-secondary-color has-text-color\" style=\"font-style:normal;font-weight:700\"><strong> <\/strong><mark style=\"background-color:rgba(0, 0, 0, 0);color:#fd0e0e\" class=\"has-inline-color\">Ihre Spende geht zu 95 Prozent direkt nach Indien.<\/mark><\/p>\n\n\n\n<hr class=\"wp-block-separator has-alpha-channel-opacity\"\/>\n\n\n\n<h2 class=\"wp-block-heading\">Bankverbindung<\/h2>\n\n\n\n<p class=\"has-text-align-center\">EBM Schweizer Zweig, COREED, 8000 Z\u00fcrich<br>IBAN CH70 0900 0000 8921 8344 9<\/p>\n\n\n\n<figure class=\"wp-block-image aligncenter size-full\"><img loading=\"lazy\" decoding=\"async\" width=\"100\" height=\"98\" src=\"https:\/\/coreed.ch\/wp-content\/uploads\/2023\/06\/QR-2.jpg\" alt=\"\" class=\"wp-image-512\"\/><\/figure>\n\n\n\n<div class=\"wp-block-group has-global-padding is-layout-constrained wp-block-group-is-layout-constrained\">\n<p class=\"has-text-align-center\">Alle Eing\u00e4nge auf dieses Konto sind ausschliesslich f\u00fcr COREED bestimmt.<\/p>\n\n\n\n<p class=\"has-text-align-center\"><strong><mark style=\"background-color:rgba(0, 0, 0, 0);color:#fa0505\" class=\"has-inline-color\">Spenden sind steuerabzugsberechtigt.<\/mark><\/strong><br><br> Die Rechnung wird von der EBM-Schweizer Zeig gef\u00fchrt und ordnungsgem\u00e4ss gepr\u00fcft.<\/p>\n<\/div>\n\n\n\n<p><a href=\"https:\/\/coreed.ch\/index.php\" data-type=\"URL\" data-id=\"https:\/\/coreed.ch\/index.php\"><strong>Zur\u00fcck<\/strong><\/a><\/p>\n","protected":false},"excerpt":{"rendered":"<p>Freiwilligenarbeit ist die grosse St\u00e4rke von COREED, in Indien wie in der Schweiz. Die Mitglieder der Projektkommission COREED Schweiz arbeiten gratis. Deshalb fallen in der Schweiz fast keine Spesen an, Ihre Spende geht zu 95 Prozent direkt nach Indien. Bankverbindung EBM Schweizer Zweig, COREED, 8000 Z\u00fcrichIBAN CH70 0900 0000 8921 8344 9 Alle Eing\u00e4nge auf [&hellip;]<\/p>\n","protected":false},"author":1,"featured_media":0,"parent":0,"menu_order":0,"comment_status":"closed","ping_status":"closed","template":"","meta":{"footnotes":""},"class_list":["post-510","page","type-page","status-publish","hentry"],"_links":{"self":[{"href":"https:\/\/coreed.ch\/index.php\/wp-json\/wp\/v2\/pages\/510","targetHints":{"allow":["GET"]}}],"collection":[{"href":"https:\/\/coreed.ch\/index.php\/wp-json\/wp\/v2\/pages"}],"about":[{"href":"https:\/\/coreed.ch\/index.php\/wp-json\/wp\/v2\/types\/page"}],"author":[{"embeddable":true,"href":"https:\/\/coreed.ch\/index.php\/wp-json\/wp\/v2\/users\/1"}],"replies":[{"embeddable":true,"href":"https:\/\/coreed.ch\/index.php\/wp-json\/wp\/v2\/comments?post=510"}],"version-history":[{"count":3,"href":"https:\/\/coreed.ch\/index.php\/wp-json\/wp\/v2\/pages\/510\/revisions"}],"predecessor-version":[{"id":1609,"href":"https:\/\/coreed.ch\/index.php\/wp-json\/wp\/v2\/pages\/510\/revisions\/1609"}],"wp:attachment":[{"href":"https:\/\/coreed.ch\/index.php\/wp-json\/wp\/v2\/media?parent=510"}],"curies":[{"name":"wp","href":"https:\/\/api.w.org\/{rel}","templated":true}]}}