{"id":301,"date":"2023-06-03T14:45:13","date_gmt":"2023-06-03T12:45:13","guid":{"rendered":"https:\/\/coreed.ch\/?page_id=301"},"modified":"2023-07-04T22:44:48","modified_gmt":"2023-07-04T20:44:48","slug":"gemeinwesenentwicklung","status":"publish","type":"page","link":"https:\/\/coreed.ch\/index.php\/gemeinwesenentwicklung\/","title":{"rendered":"Gemeinwesen Entwicklung"},"content":{"rendered":"\n<p class=\"has-text-align-center\"><strong>Mit den Adivasi, nicht f\u00fcr sie entwickelt COREED seine Programme<\/strong><\/p>\n\n\n\n<p class=\"has-text-align-center\">Was braucht ihr f\u00fcr ein besseres Leben? Wie baut man ein Mini-Gesch\u00e4ft auf? Wo fordern wir eine befahrbare Strasse zu unserem Dorf ein? DorfbewohnerInnen nehmen Einsitz in politische Gremien \u201c<a href=\"https:\/\/en.wikipedia.org\/wiki\/Gram_panchayat\" data-type=\"URL\" data-id=\"https:\/\/en.wikipedia.org\/wiki\/Gram_panchayat\">gram panchayat<\/a>\u201d.<\/p>\n\n\n\n<p class=\"has-secondary-color has-text-color\"><strong><a href=\"https:\/\/coreed.ch\/index.php\/#gemein\" data-type=\"URL\" data-id=\"https:\/\/coreed.ch\/index.php\/#gemein\">Zur\u00fcck<\/a><\/strong><\/p>\n","protected":false},"excerpt":{"rendered":"<p>Mit den Adivasi, nicht f\u00fcr sie entwickelt COREED seine Programme Was braucht ihr f\u00fcr ein besseres Leben? Wie baut man ein Mini-Gesch\u00e4ft auf? Wo fordern wir eine befahrbare Strasse zu unserem Dorf ein? DorfbewohnerInnen nehmen Einsitz in politische Gremien \u201cgram panchayat\u201d. Zur\u00fcck<\/p>\n","protected":false},"author":1,"featured_media":0,"parent":0,"menu_order":0,"comment_status":"closed","ping_status":"closed","template":"","meta":{"footnotes":""},"class_list":["post-301","page","type-page","status-publish","hentry"],"_links":{"self":[{"href":"https:\/\/coreed.ch\/index.php\/wp-json\/wp\/v2\/pages\/301","targetHints":{"allow":["GET"]}}],"collection":[{"href":"https:\/\/coreed.ch\/index.php\/wp-json\/wp\/v2\/pages"}],"about":[{"href":"https:\/\/coreed.ch\/index.php\/wp-json\/wp\/v2\/types\/page"}],"author":[{"embeddable":true,"href":"https:\/\/coreed.ch\/index.php\/wp-json\/wp\/v2\/users\/1"}],"replies":[{"embeddable":true,"href":"https:\/\/coreed.ch\/index.php\/wp-json\/wp\/v2\/comments?post=301"}],"version-history":[{"count":0,"href":"https:\/\/coreed.ch\/index.php\/wp-json\/wp\/v2\/pages\/301\/revisions"}],"wp:attachment":[{"href":"https:\/\/coreed.ch\/index.php\/wp-json\/wp\/v2\/media?parent=301"}],"curies":[{"name":"wp","href":"https:\/\/api.w.org\/{rel}","templated":true}]}}