{"id":232,"date":"2023-06-03T01:38:54","date_gmt":"2023-06-02T23:38:54","guid":{"rendered":"https:\/\/coreed.ch\/?page_id=232"},"modified":"2023-07-08T07:07:11","modified_gmt":"2023-07-08T05:07:11","slug":"schulbildung","status":"publish","type":"page","link":"https:\/\/coreed.ch\/index.php\/geschichte\/schulbildung\/","title":{"rendered":"Schulbildung"},"content":{"rendered":"\n<p class=\"has-text-align-center\"><strong>Mit Schulbildung haben auch arme Kinder eine Zukunft<\/strong><\/p>\n\n\n\n<p class=\"has-text-align-center\">Bildung ist der Weg aus der Armut. Indiens \u00f6ffentliche Schulen sind in einem desolaten Zustand, besonders auf dem Land. Wer kann, schickt seine Kinder in teure F\u00f6rderklassen. COREED bietet Erg\u00e4nzungsunterricht am Nachmittag an, damit die armen Dalit- und Adivasi-Kinder beim Bildungswettbewerb mithalten k\u00f6nnen. Tausende von ihnen haben bei staatlichen Pr\u00fcfungen bestanden \u2013 einige bis zur Hochschulreife.<\/p>\n\n\n\n<p><strong><a href=\"https:\/\/coreed.ch\/index.php\/#kinder\" data-type=\"URL\" data-id=\"https:\/\/coreed.ch\/index.php\/#kinder\">Zur\u00fcck<\/a><\/strong><\/p>\n","protected":false},"excerpt":{"rendered":"<p>Mit Schulbildung haben auch arme Kinder eine Zukunft Bildung ist der Weg aus der Armut. Indiens \u00f6ffentliche Schulen sind in einem desolaten Zustand, besonders auf dem Land. Wer kann, schickt seine Kinder in teure F\u00f6rderklassen. COREED bietet Erg\u00e4nzungsunterricht am Nachmittag an, damit die armen Dalit- und Adivasi-Kinder beim Bildungswettbewerb mithalten k\u00f6nnen. Tausende von ihnen haben [&hellip;]<\/p>\n","protected":false},"author":1,"featured_media":0,"parent":111,"menu_order":1,"comment_status":"closed","ping_status":"closed","template":"","meta":{"footnotes":""},"class_list":["post-232","page","type-page","status-publish","hentry"],"_links":{"self":[{"href":"https:\/\/coreed.ch\/index.php\/wp-json\/wp\/v2\/pages\/232","targetHints":{"allow":["GET"]}}],"collection":[{"href":"https:\/\/coreed.ch\/index.php\/wp-json\/wp\/v2\/pages"}],"about":[{"href":"https:\/\/coreed.ch\/index.php\/wp-json\/wp\/v2\/types\/page"}],"author":[{"embeddable":true,"href":"https:\/\/coreed.ch\/index.php\/wp-json\/wp\/v2\/users\/1"}],"replies":[{"embeddable":true,"href":"https:\/\/coreed.ch\/index.php\/wp-json\/wp\/v2\/comments?post=232"}],"version-history":[{"count":1,"href":"https:\/\/coreed.ch\/index.php\/wp-json\/wp\/v2\/pages\/232\/revisions"}],"predecessor-version":[{"id":1409,"href":"https:\/\/coreed.ch\/index.php\/wp-json\/wp\/v2\/pages\/232\/revisions\/1409"}],"up":[{"embeddable":true,"href":"https:\/\/coreed.ch\/index.php\/wp-json\/wp\/v2\/pages\/111"}],"wp:attachment":[{"href":"https:\/\/coreed.ch\/index.php\/wp-json\/wp\/v2\/media?parent=232"}],"curies":[{"name":"wp","href":"https:\/\/api.w.org\/{rel}","templated":true}]}}