{"id":163,"date":"2023-06-02T02:48:45","date_gmt":"2023-06-02T00:48:45","guid":{"rendered":"https:\/\/coreed.ch\/?page_id=163"},"modified":"2025-08-26T19:17:38","modified_gmt":"2025-08-26T17:17:38","slug":"media","status":"publish","type":"page","link":"https:\/\/coreed.ch\/index.php\/media\/","title":{"rendered":"Jahresberichte (Englisch)"},"content":{"rendered":"\n<p><strong>Das indische Fiskaljahr dauert von April bis M\u00e4rz<\/strong>.<\/p>\n\n\n\n<p><\/p>\n\n\n\n<p><a href=\"https:\/\/coreed.ch\/wp-content\/uploads\/2025\/07\/AR-24-25.pdf\">24-25 Annual Report<\/a><br><a href=\"https:\/\/coreed.ch\/wp-content\/uploads\/2024\/07\/AR-23-24.pdf\">23-24 Annual Report<\/a><br><a href=\"https:\/\/coreed.ch\/wp-content\/uploads\/2023\/07\/AR-22-23_final.pdf\">22-23 Annual Report<\/a><br><a href=\"https:\/\/coreed.ch\/wp-content\/uploads\/2023\/06\/AR21-22_final.pdf\" data-type=\"URL\" data-id=\"https:\/\/coreed.ch\/wp-content\/uploads\/2023\/06\/AR21-22_final.pdf\">21-22 Annual Report<\/a><br><a href=\"https:\/\/coreed.ch\/wp-content\/uploads\/2023\/06\/Annual_Report_2019-20.pdf\" data-type=\"URL\" data-id=\"https:\/\/coreed.ch\/wp-content\/uploads\/2023\/06\/Annual_Report_2019-20.pdf\">19-20 Annual Report<\/a><br><a href=\"https:\/\/coreed.ch\/wp-content\/uploads\/2023\/06\/Annual_Report_2018-19.pdf\" data-type=\"URL\" data-id=\"https:\/\/coreed.ch\/wp-content\/uploads\/2023\/06\/Annual_Report_2018-19.pdf\">18-19 Annual Report<\/a><\/p>\n\n\n\n<h1 class=\"wp-block-heading\">Flyer<\/h1>\n\n\n\n<p><\/p>\n\n\n\n<p><a href=\"https:\/\/coreed.ch\/wp-content\/uploads\/2025\/08\/2508_Spenderbrief-mit-Fotocollage.pdf\">25 Spenderbrief mit Fotocollage<\/a><br><a href=\"https:\/\/coreed.ch\/wp-content\/uploads\/2024\/07\/2024_flyer_adivasi.pdf\">24 Adivasi<\/a><br><a href=\"https:\/\/coreed.ch\/wp-content\/uploads\/2023\/07\/2023_flyer_huerden.pdf\">23 H\u00fcrden \u00fcberspringen<\/a><br><a href=\"https:\/\/coreed.ch\/wp-content\/uploads\/2023\/06\/2022_Flyer_Geliebtes_Geschoepf.pdf\" data-type=\"URL\" data-id=\"https:\/\/coreed.ch\/wp-content\/uploads\/2023\/06\/2022_Flyer_Geliebtes_Geschoepf.pdf\">22 Geliebtes Gesch\u00f6pf Gottes<\/a><br><a href=\"https:\/\/coreed.ch\/wp-content\/uploads\/2023\/06\/2021_Flyer_Not.pdf\" data-type=\"URL\" data-id=\"https:\/\/coreed.ch\/wp-content\/uploads\/2023\/06\/2021_Flyer_Not.pdf\">21 Not macht erfinderisch<\/a><br><a href=\"https:\/\/coreed.ch\/wp-content\/uploads\/2023\/06\/2020_Flyer_Nothilfe.pdf\" data-type=\"URL\" data-id=\"https:\/\/coreed.ch\/wp-content\/uploads\/2023\/06\/2020_Flyer_Nothilfe.pdf\">20 Nothilfe &#8211; Zur rechten Zeit am richtigen Ort das Richtige tun<\/a><br><a href=\"https:\/\/coreed.ch\/wp-content\/uploads\/2023\/06\/2019_flyer_hinschauen.pdf\" data-type=\"URL\" data-id=\"https:\/\/coreed.ch\/wp-content\/uploads\/2023\/06\/2019_flyer_hinschauen.pdf\">19 Hinschauen und handeln<\/a><br><a href=\"https:\/\/coreed.ch\/wp-content\/uploads\/2023\/06\/2018_flyer_kinder.pdf\" data-type=\"URL\" data-id=\"https:\/\/coreed.ch\/wp-content\/uploads\/2023\/06\/2018_flyer_kinder.pdf\">18 Kinder sind der Anfang von Allem<\/a><br><a href=\"https:\/\/coreed.ch\/wp-content\/uploads\/2023\/06\/2017_flyer_maedchen.pdf\" data-type=\"attachment\" data-id=\"1135\">17 M\u00e4dchen zum Dienen geboren<\/a><br><\/p>\n\n\n\n<p> <a href=\"https:\/\/coreed.ch\/index.php\" data-type=\"URL\" data-id=\"https:\/\/coreed.ch\/index.php\"><strong>Zur\u00fcck<\/strong><\/a><\/p>\n","protected":false},"excerpt":{"rendered":"<p>Das indische Fiskaljahr dauert von April bis M\u00e4rz. 24-25 Annual Report23-24 Annual Report22-23 Annual Report21-22 Annual Report19-20 Annual Report18-19 Annual Report Flyer 25 Spenderbrief mit Fotocollage24 Adivasi23 H\u00fcrden \u00fcberspringen22 Geliebtes Gesch\u00f6pf Gottes21 Not macht erfinderisch20 Nothilfe &#8211; Zur rechten Zeit am richtigen Ort das Richtige tun19 Hinschauen und handeln18 Kinder sind der Anfang von Allem17 [&hellip;]<\/p>\n","protected":false},"author":1,"featured_media":0,"parent":0,"menu_order":0,"comment_status":"closed","ping_status":"closed","template":"","meta":{"footnotes":""},"class_list":["post-163","page","type-page","status-publish","hentry"],"_links":{"self":[{"href":"https:\/\/coreed.ch\/index.php\/wp-json\/wp\/v2\/pages\/163","targetHints":{"allow":["GET"]}}],"collection":[{"href":"https:\/\/coreed.ch\/index.php\/wp-json\/wp\/v2\/pages"}],"about":[{"href":"https:\/\/coreed.ch\/index.php\/wp-json\/wp\/v2\/types\/page"}],"author":[{"embeddable":true,"href":"https:\/\/coreed.ch\/index.php\/wp-json\/wp\/v2\/users\/1"}],"replies":[{"embeddable":true,"href":"https:\/\/coreed.ch\/index.php\/wp-json\/wp\/v2\/comments?post=163"}],"version-history":[{"count":14,"href":"https:\/\/coreed.ch\/index.php\/wp-json\/wp\/v2\/pages\/163\/revisions"}],"predecessor-version":[{"id":1605,"href":"https:\/\/coreed.ch\/index.php\/wp-json\/wp\/v2\/pages\/163\/revisions\/1605"}],"wp:attachment":[{"href":"https:\/\/coreed.ch\/index.php\/wp-json\/wp\/v2\/media?parent=163"}],"curies":[{"name":"wp","href":"https:\/\/api.w.org\/{rel}","templated":true}]}}