{"id":147,"date":"2023-06-01T21:24:38","date_gmt":"2023-06-01T19:24:38","guid":{"rendered":"https:\/\/coreed.ch\/?page_id=147"},"modified":"2025-11-10T13:22:32","modified_gmt":"2025-11-10T12:22:32","slug":"einsatzgebiet","status":"publish","type":"page","link":"https:\/\/coreed.ch\/index.php\/einsatzgebiet\/","title":{"rendered":"Einsatzgebiet"},"content":{"rendered":"\n<p class=\"has-text-align-center\">COREED arbeitet in 30 abgelegenen D\u00f6rfern in den Distrikten <a href=\"https:\/\/goo.gl\/maps\/UyZMgss6LQuQaNNA6\" data-type=\"URL\" data-id=\"https:\/\/goo.gl\/maps\/UyZMgss6LQuQaNNA6\">Nellore<\/a> und <a href=\"https:\/\/goo.gl\/maps\/FFGKnKo95G3mbFsn6\" data-type=\"URL\" data-id=\"https:\/\/goo.gl\/maps\/FFGKnKo95G3mbFsn6\">Prakasam<\/a> des s\u00fcdostindischen Teilstaates <a href=\"https:\/\/goo.gl\/maps\/BcyGf4pz6nNhH28n7\" data-type=\"URL\" data-id=\"https:\/\/goo.gl\/maps\/BcyGf4pz6nNhH28n7\">Andhra Pradesh.<\/a> Seit Beginn haben 150 D\u00f6rfer profitiert.<\/p>\n\n\n\n<figure class=\"wp-block-image aligncenter size-full\"><img loading=\"lazy\" decoding=\"async\" width=\"731\" height=\"548\" src=\"https:\/\/coreed.ch\/wp-content\/uploads\/2023\/07\/Karte.png\" alt=\"\" class=\"wp-image-1336\" srcset=\"https:\/\/coreed.ch\/wp-content\/uploads\/2023\/07\/Karte.png 731w, https:\/\/coreed.ch\/wp-content\/uploads\/2023\/07\/Karte-300x225.png 300w\" sizes=\"auto, (max-width: 731px) 100vw, 731px\" \/><\/figure>\n\n\n\n<p class=\"has-text-align-center\">In dieser Gegend ist das\u00a0<a href=\"https:\/\/coreed.ch\/index.php\/kastenwesen\" data-type=\"URL\" data-id=\"https:\/\/coreed.ch\/index.php\/kastenwesen\">Kastenwesen<\/a>\u00a0besonders ausgepr\u00e4gt. <br>Am untersten Rand der Gesellschaft befinden sich die Dalit und Adivasi.<\/p>\n\n\n\n<p class=\"has-text-align-center\">Wenn in einem Dorf die Entwicklung so weit angestossen wurde, dass die Bewohner sich selber helfen bzw. die staatliche Infrastruktur, die ihnen von Rechts wegen zusteht, in Anspruch nehmen k\u00f6nnen, zieht sich COREED zur\u00fcck und wendet sich neuen Gebieten zu. So wurde seit Beginn der Arbeit 1987 in \u00fcber 150 D\u00f6rfern Entwicklungsarbeit geleistet.<\/p>\n\n\n\n<p><a href=\"http:\/\/coreed.ch\/index.php\" data-type=\"URL\" data-id=\"http:\/\/coreed.ch\/index.php\"><strong>Zur\u00fcck<\/strong><\/a><\/p>\n","protected":false},"excerpt":{"rendered":"<p>COREED arbeitet in 30 abgelegenen D\u00f6rfern in den Distrikten Nellore und Prakasam des s\u00fcdostindischen Teilstaates Andhra Pradesh. Seit Beginn haben 150 D\u00f6rfer profitiert. In dieser Gegend ist das\u00a0Kastenwesen\u00a0besonders ausgepr\u00e4gt. Am untersten Rand der Gesellschaft befinden sich die Dalit und Adivasi. Wenn in einem Dorf die Entwicklung so weit angestossen wurde, dass die Bewohner sich selber [&hellip;]<\/p>\n","protected":false},"author":1,"featured_media":0,"parent":0,"menu_order":0,"comment_status":"closed","ping_status":"closed","template":"","meta":{"footnotes":""},"class_list":["post-147","page","type-page","status-publish","hentry"],"_links":{"self":[{"href":"https:\/\/coreed.ch\/index.php\/wp-json\/wp\/v2\/pages\/147","targetHints":{"allow":["GET"]}}],"collection":[{"href":"https:\/\/coreed.ch\/index.php\/wp-json\/wp\/v2\/pages"}],"about":[{"href":"https:\/\/coreed.ch\/index.php\/wp-json\/wp\/v2\/types\/page"}],"author":[{"embeddable":true,"href":"https:\/\/coreed.ch\/index.php\/wp-json\/wp\/v2\/users\/1"}],"replies":[{"embeddable":true,"href":"https:\/\/coreed.ch\/index.php\/wp-json\/wp\/v2\/comments?post=147"}],"version-history":[{"count":5,"href":"https:\/\/coreed.ch\/index.php\/wp-json\/wp\/v2\/pages\/147\/revisions"}],"predecessor-version":[{"id":1627,"href":"https:\/\/coreed.ch\/index.php\/wp-json\/wp\/v2\/pages\/147\/revisions\/1627"}],"wp:attachment":[{"href":"https:\/\/coreed.ch\/index.php\/wp-json\/wp\/v2\/media?parent=147"}],"curies":[{"name":"wp","href":"https:\/\/api.w.org\/{rel}","templated":true}]}}