{"id":130,"date":"2023-06-01T18:16:32","date_gmt":"2023-06-01T16:16:32","guid":{"rendered":"https:\/\/coreed.ch\/?page_id=130"},"modified":"2025-11-06T18:32:12","modified_gmt":"2025-11-06T17:32:12","slug":"projekt-kommission-coreed-schweiz","status":"publish","type":"page","link":"https:\/\/coreed.ch\/index.php\/projekt-kommission-coreed-schweiz\/","title":{"rendered":"Projekt Kommission COREED Schweiz"},"content":{"rendered":"\n<p class=\"has-text-align-center\">Die Projektkommission COREED-Schweiz steht im Kontakt mit den Verantwortlichen von COREED India, macht ihre Arbeit in der Schweiz bekannt und sorgt daf\u00fcr, dass die Spenden am Ziel ankommen. Sie ist dem&nbsp;<a rel=\"noreferrer noopener\" href=\"http:\/\/ebm.baptisten.ch\/\" target=\"_blank\">Schweizer Zweig der Europ\u00e4ischen Baptistischen Mission<\/a>&nbsp;angegliedert. Alle Spenden laufen \u00fcber die Buchhaltung der EBM-Schweizer Zweig. Sie sind steuerabzugsberechtigt. Der Vorstand der EBM-Schweizer Zweig sorgt f\u00fcr die Rechnungspr\u00fcfung. Beide Gremien arbeiten ehrenamtlich. Die Mitglieder der Projektkommission leisten zusammen j\u00e4hrlich viele hundert Stunden Gratisarbeit.<\/p>\n\n\n\n<p class=\"has-text-align-center\"><\/p>\n\n\n\n<h3 class=\"wp-block-heading has-text-align-center\">Mitglieder der Projektkommission COREED<br><\/h3>\n\n\n\n<figure class=\"wp-block-image aligncenter size-full is-resized\"><img loading=\"lazy\" decoding=\"async\" width=\"198\" height=\"210\" src=\"https:\/\/coreed.ch\/wp-content\/uploads\/2023\/07\/DD-2022_klein.jpg\" alt=\"\" class=\"wp-image-1466\" style=\"width:150px;height:162px\"\/><\/figure>\n\n\n\n<h4 class=\"wp-block-heading has-text-align-center\">Dorothee Degen-Zimmermann<\/h4>\n\n\n\n<h5 class=\"wp-block-heading has-text-align-center\">Journalistin, Autorin<\/h5>\n\n\n\n<p class=\"has-text-align-center\">Mich begeistert, dass COREED ein echt indisches Hilfswerk ist und dass die Hilfe wirklich direkt und unb\u00fcrokratisch bei den \u00c4rmsten ankommt.<br><br><\/p>\n\n\n\n<figure class=\"wp-block-image aligncenter size-full is-resized\"><img loading=\"lazy\" decoding=\"async\" width=\"1920\" height=\"2560\" src=\"https:\/\/coreed.ch\/wp-content\/uploads\/2025\/11\/IMG_2052-Talitha-scaled.jpeg\" alt=\"\" class=\"wp-image-1618\" style=\"aspect-ratio:0.9259259259259259;width:168px;height:auto\" srcset=\"https:\/\/coreed.ch\/wp-content\/uploads\/2025\/11\/IMG_2052-Talitha-scaled.jpeg 1920w, https:\/\/coreed.ch\/wp-content\/uploads\/2025\/11\/IMG_2052-Talitha-225x300.jpeg 225w, https:\/\/coreed.ch\/wp-content\/uploads\/2025\/11\/IMG_2052-Talitha-768x1024.jpeg 768w, https:\/\/coreed.ch\/wp-content\/uploads\/2025\/11\/IMG_2052-Talitha-1152x1536.jpeg 1152w, https:\/\/coreed.ch\/wp-content\/uploads\/2025\/11\/IMG_2052-Talitha-1536x2048.jpeg 1536w\" sizes=\"auto, (max-width: 1920px) 100vw, 1920px\" \/><\/figure>\n\n\n\n<h4 class=\"wp-block-heading has-text-align-center\">Talitha Heimowski<\/h4>\n\n\n\n<h6 class=\"wp-block-heading has-text-align-center\"><strong>Diakonische Mitarbeiterin<\/strong><\/h6>\n\n\n\n<p class=\"has-text-align-center\">Gleiche Chancen f\u00fcr Arme und Reiche, f\u00fcr Frauen und M\u00e4nner, f\u00fcr InderInnen und Schweizer, daf\u00fcr m\u00f6chte ich einen kleinen Beitrag in die richtige Richtung leisten.<\/p>\n\n\n\n<p class=\"has-text-align-center\"><br><\/p>\n\n\n\n<figure class=\"wp-block-image aligncenter size-full\"><img loading=\"lazy\" decoding=\"async\" width=\"150\" height=\"162\" src=\"https:\/\/coreed.ch\/wp-content\/uploads\/2023\/07\/edith.jpg\" alt=\"\" class=\"wp-image-1321\"\/><\/figure>\n\n\n\n<h4 class=\"wp-block-heading has-text-align-center\">Edith Heiniger<\/h4>\n\n\n\n<h5 class=\"wp-block-heading has-text-align-center\">diakonische Mitarbeiterin<\/h5>\n\n\n\n<p class=\"has-text-align-center\">Hier ist ein kleines Hilfswerk, das sich mit Engagement, mit Achtung und Liebe f\u00fcr Bed\u00fcrftige im eigenen Land einsetzt, das \u00fcberzeugt mich.<br><br><\/p>\n\n\n\n<figure class=\"wp-block-image aligncenter size-full\"><img loading=\"lazy\" decoding=\"async\" width=\"155\" height=\"157\" src=\"https:\/\/coreed.ch\/wp-content\/uploads\/2023\/07\/Sebastian.png\" alt=\"\" class=\"wp-image-1332\"\/><\/figure>\n\n\n\n<h4 class=\"wp-block-heading has-text-align-center\">Sebastian Noss<\/h4>\n\n\n\n<h5 class=\"wp-block-heading has-text-align-center\">Pfarrer<\/h5>\n\n\n\n<p class=\"has-text-align-center\">COREED ist ein kleines Hilfswerk, gegr\u00fcndet und verantwortet von Menschen aus der Region Andhra Pradesh. Dadurch wird eine direkte, unb\u00fcrokratische und an die jeweiligen Bed\u00fcrfnisse vor Ort angepasste Hilfe m\u00f6glich. Darum engagiere ich mich in der Projektkommission COREED-Schweiz.<br><br><\/p>\n\n\n\n<figure class=\"wp-block-image aligncenter size-full\"><img loading=\"lazy\" decoding=\"async\" width=\"150\" height=\"164\" src=\"https:\/\/coreed.ch\/wp-content\/uploads\/2023\/07\/Vreni.jpg\" alt=\"\" class=\"wp-image-1322\"\/><\/figure>\n\n\n\n<h4 class=\"wp-block-heading has-text-align-center\">Verena Nussbaumer<\/h4>\n\n\n\n<h5 class=\"wp-block-heading has-text-align-center\">Sozialarbeiterin FH<\/h5>\n\n\n\n<p class=\"has-text-align-center\">Mir geht es sehr gut, unz\u00e4hligen anderen Menschen viel weniger. Das verpflichtet mich, etwas von meinem \u00dcberfluss abzugeben: Von meiner Zeit, meiner Kraft, meinem Geld \u2013 und ich tue es gerne.<br><br><\/p>\n\n\n\n<figure class=\"wp-block-image aligncenter size-full\"><img loading=\"lazy\" decoding=\"async\" width=\"150\" height=\"152\" src=\"https:\/\/coreed.ch\/wp-content\/uploads\/2023\/07\/res.jpg\" alt=\"\" class=\"wp-image-1318\"\/><\/figure>\n\n\n\n<h4 class=\"wp-block-heading has-text-align-center\">Andreas Thomann<\/h4>\n\n\n\n<h5 class=\"wp-block-heading has-text-align-center\">dipl. Masching. FH<\/h5>\n\n\n\n<p class=\"has-text-align-center\">Hier wird bei den \u00c4rmsten effiziente Hilfe zur Selbsthilfe geleistet. Da engagiere ich mich gerne mit meinen M\u00f6glichkeiten.<br><\/p>\n\n\n\n<p><a href=\"http:\/\/coreed.ch\/index.php\/kontakt\" data-type=\"URL\" data-id=\"http:\/\/coreed.ch\/index.php\/kontakt\"><strong>Kontakt<\/strong><\/a>     <\/p>\n\n\n\n<p><a href=\"https:\/\/coreed.ch\/index.php\" data-type=\"URL\" data-id=\"https:\/\/coreed.ch\/index.php\"><strong>Zur\u00fcck<\/strong><\/a><\/p>\n","protected":false},"excerpt":{"rendered":"<p>Die Projektkommission COREED-Schweiz steht im Kontakt mit den Verantwortlichen von COREED India, macht ihre Arbeit in der Schweiz bekannt und sorgt daf\u00fcr, dass die Spenden am Ziel ankommen. Sie ist dem&nbsp;Schweizer Zweig der Europ\u00e4ischen Baptistischen Mission&nbsp;angegliedert. Alle Spenden laufen \u00fcber die Buchhaltung der EBM-Schweizer Zweig. Sie sind steuerabzugsberechtigt. Der Vorstand der EBM-Schweizer Zweig sorgt f\u00fcr [&hellip;]<\/p>\n","protected":false},"author":1,"featured_media":0,"parent":0,"menu_order":0,"comment_status":"closed","ping_status":"closed","template":"","meta":{"footnotes":""},"class_list":["post-130","page","type-page","status-publish","hentry"],"_links":{"self":[{"href":"https:\/\/coreed.ch\/index.php\/wp-json\/wp\/v2\/pages\/130","targetHints":{"allow":["GET"]}}],"collection":[{"href":"https:\/\/coreed.ch\/index.php\/wp-json\/wp\/v2\/pages"}],"about":[{"href":"https:\/\/coreed.ch\/index.php\/wp-json\/wp\/v2\/types\/page"}],"author":[{"embeddable":true,"href":"https:\/\/coreed.ch\/index.php\/wp-json\/wp\/v2\/users\/1"}],"replies":[{"embeddable":true,"href":"https:\/\/coreed.ch\/index.php\/wp-json\/wp\/v2\/comments?post=130"}],"version-history":[{"count":10,"href":"https:\/\/coreed.ch\/index.php\/wp-json\/wp\/v2\/pages\/130\/revisions"}],"predecessor-version":[{"id":1626,"href":"https:\/\/coreed.ch\/index.php\/wp-json\/wp\/v2\/pages\/130\/revisions\/1626"}],"wp:attachment":[{"href":"https:\/\/coreed.ch\/index.php\/wp-json\/wp\/v2\/media?parent=130"}],"curies":[{"name":"wp","href":"https:\/\/api.w.org\/{rel}","templated":true}]}}